{"id":119,"date":"2023-02-21T01:14:45","date_gmt":"2023-02-21T01:14:45","guid":{"rendered":"https:\/\/cacaodiversity.org\/publicaciones\/"},"modified":"2023-04-15T01:09:27","modified_gmt":"2023-04-15T01:09:27","slug":"publicaciones","status":"publish","type":"page","link":"https:\/\/cacaodiversity.org\/es\/publicaciones\/","title":{"rendered":"Publicaciones"},"content":{"rendered":"\n<p class=\"has-text-align-center\">Los resultados generados por esta herramienta son respaldados por las siguientes publicaciones:<\/p>\n\n\n\n<ul class=\"wp-block-list\">\n<li><h3>Para efectos de cambio clim\u00e1tico en cacao en el Per\u00fa:<\/h3>                 <p>Viviana Ceccarelli, Tobias Fremout, Diego Zavaleta, Sphyros Lastra, Sixto Im\u00e1n Correa, Enrique Ar\u00e9valo- Gardini, Carlos Armando Rodriguez, Wilbert Cruz Hilacondo, Evert Thomas, 2021. Climate change impact on cultivated and wild cacao in Peru and the search of climate change tolerant-genotypes. Diversity and Distributions. 27(8), 1462-1476<\/p>                 <a rel=\"noreferrer noopener\" href=\"https:\/\/doi.org\/10.1111\/ddi.13294\" target=\"_blank\">https:\/\/doi.org\/10.1111\/ddi.13294<\/a> <a href=\"https:\/\/cacaodiversity.org\/wp-content\/uploads\/2023\/02\/Ceccarelli-et-al-2022-GRES.pdf\" target=\"_blank\" rel=\"noreferrer noopener\"><img decoding=\"async\" width=\"25px\" src=\"https:\/\/cacaodiversity.org\/wp-content\/uploads\/2023\/02\/pdf.png\"> PDF<\/a><\/li>\n\n\n\n<li><h3>Para datos sobre germoplasma de cacao en viveros y bancos de germoplasma en Per\u00fa y Ecuador:<\/h3>                 <p>Viviana Ceccarelli, Sphyros Lastra, Rey Gast\u00f3n Loor Sol\u00f3rzano, Walter Wenceslao Chac\u00f3n, Mario Nolasco, Ignacio Antonio Sotomayor Cantos, Luis Fernando Plaza Avell\u00e1n, Diana Aracelly L\u00f3pez, Fabian Marcelo Fern\u00e1ndez Anchundia, Dominique Dessauw, Luis Orozco-Aguilar, Evert Thomas, 2022. Conservation and use of cacao genetic resources by gene banks and nurseries in six Latin American countries. Genetic Resources and Crop Evolution. 69(3), 1283-1302<\/p>                 <a href=\"https:\/\/doi.org\/10.1007\/s10722-021-01304-3\">https:\/\/doi.org\/10.1007\/s10722-021-01304-3<\/a><\/li>\n\n\n\n<li><h3>Para modelaci\u00f3n de cadmio en suelo y granos de cacao:<\/h3> <p>Thomas, E., Atkinson, R., Zavaleta, D., Rodriguez, C., Lastra, S., Arango, K., Pezo, A., Aguilar, J., Tames, M., Ramos, A., Cruz, W., Cosme, R., Espinoza, E., Chavez, C.R., Ladd, B., 2023. The distribution of cadmium in soil and cacao beans in Peru. Science of the Total Environment.<\/p> <a href=\"https:\/\/doi.org\/10.1016\/j.scitotenv.2023.163372\">https:\/\/doi.org\/10.1016\/j.scitotenv.2023.163372<\/a><\/li>\n<\/ul>\n","protected":false},"excerpt":{"rendered":"<p>Los resultados generados por esta herramienta son respaldados por las siguientes publicaciones:<\/p>\n","protected":false},"author":1,"featured_media":0,"parent":0,"menu_order":0,"comment_status":"closed","ping_status":"closed","template":"","meta":{"_monsterinsights_skip_tracking":false,"_monsterinsights_sitenote_active":false,"_monsterinsights_sitenote_note":"","_monsterinsights_sitenote_category":0,"footnotes":""},"class_list":["post-119","page","type-page","status-publish","hentry"],"_links":{"self":[{"href":"https:\/\/cacaodiversity.org\/es\/wp-json\/wp\/v2\/pages\/119","targetHints":{"allow":["GET"]}}],"collection":[{"href":"https:\/\/cacaodiversity.org\/es\/wp-json\/wp\/v2\/pages"}],"about":[{"href":"https:\/\/cacaodiversity.org\/es\/wp-json\/wp\/v2\/types\/page"}],"author":[{"embeddable":true,"href":"https:\/\/cacaodiversity.org\/es\/wp-json\/wp\/v2\/users\/1"}],"replies":[{"embeddable":true,"href":"https:\/\/cacaodiversity.org\/es\/wp-json\/wp\/v2\/comments?post=119"}],"version-history":[{"count":2,"href":"https:\/\/cacaodiversity.org\/es\/wp-json\/wp\/v2\/pages\/119\/revisions"}],"predecessor-version":[{"id":144,"href":"https:\/\/cacaodiversity.org\/es\/wp-json\/wp\/v2\/pages\/119\/revisions\/144"}],"wp:attachment":[{"href":"https:\/\/cacaodiversity.org\/es\/wp-json\/wp\/v2\/media?parent=119"}],"curies":[{"name":"wp","href":"https:\/\/api.w.org\/{rel}","templated":true}]}}